{"id":8,"date":"2018-03-16T09:50:16","date_gmt":"2018-03-16T09:50:16","guid":{"rendered":"https:\/\/www.rimac2012.com\/?page_id=8"},"modified":"2018-03-16T10:08:51","modified_gmt":"2018-03-16T10:08:51","slug":"inicio","status":"publish","type":"page","link":"https:\/\/www.rimac2012.com\/","title":{"rendered":"Inicio"},"content":{"rendered":"<p>Rimac es una empresa de nueva constituci\u00f3n, formada por profesionales j\u00f3venes y emprendedores, con una dilatada experiencia en el mundo de la distribuci\u00f3n de materiales para la construcci\u00f3n en Espa\u00f1a.<\/p>\n<p>El objeto de esta nueva sociedad es poner a disposici\u00f3n de sus clientes los conocimientos adquiridos durante m\u00e1s de 15 a\u00f1os en el sector de tuber\u00edas para distribuci\u00f3n o evacuaci\u00f3n de fluidos tanto en Espa\u00f1a como a nivel internacional.<\/p>\n<p>Con este horizonte, Rimac cuenta con representaci\u00f3n de prestigiosas marcas del sector de distintas nacionalidades, para dar servicio a pa\u00edses de Am\u00e9rica Latina, Europa y \u00c1frica.<\/p>\n<p>Adem\u00e1s de los servicios de representaci\u00f3n de materiales, Rimac tambi\u00e9n ofrece la posibilidad de representaci\u00f3n en servicios de instalaci\u00f3n, construcci\u00f3n e ingenier\u00eda, as\u00ed como en tareas de prescripci\u00f3n de producto, para poder asegurar un asesoramiento y servicio completo.<\/p>\n","protected":false},"excerpt":{"rendered":"<p>Rimac es una empresa de nueva constituci\u00f3n, formada por profesionales j\u00f3venes y emprendedores, con una dilatada experiencia en el mundo de la distribuci\u00f3n de materiales para la construcci\u00f3n en Espa\u00f1a. El objeto de esta nueva sociedad es poner a disposici\u00f3n de sus clientes los conocimientos adquiridos durante m\u00e1s de 15 a\u00f1os en el sector de &hellip; <\/p>\n<p class=\"link-more\"><a href=\"https:\/\/www.rimac2012.com\/\" class=\"more-link\">Continuar leyendo<span class=\"screen-reader-text\"> \u00abInicio\u00bb<\/span><\/a><\/p>\n","protected":false},"author":1,"featured_media":0,"parent":0,"menu_order":0,"comment_status":"closed","ping_status":"closed","template":"","meta":{"footnotes":""},"class_list":["post-8","page","type-page","status-publish","hentry"],"_links":{"self":[{"href":"https:\/\/www.rimac2012.com\/index.php\/wp-json\/wp\/v2\/pages\/8","targetHints":{"allow":["GET"]}}],"collection":[{"href":"https:\/\/www.rimac2012.com\/index.php\/wp-json\/wp\/v2\/pages"}],"about":[{"href":"https:\/\/www.rimac2012.com\/index.php\/wp-json\/wp\/v2\/types\/page"}],"author":[{"embeddable":true,"href":"https:\/\/www.rimac2012.com\/index.php\/wp-json\/wp\/v2\/users\/1"}],"replies":[{"embeddable":true,"href":"https:\/\/www.rimac2012.com\/index.php\/wp-json\/wp\/v2\/comments?post=8"}],"version-history":[{"count":4,"href":"https:\/\/www.rimac2012.com\/index.php\/wp-json\/wp\/v2\/pages\/8\/revisions"}],"predecessor-version":[{"id":45,"href":"https:\/\/www.rimac2012.com\/index.php\/wp-json\/wp\/v2\/pages\/8\/revisions\/45"}],"wp:attachment":[{"href":"https:\/\/www.rimac2012.com\/index.php\/wp-json\/wp\/v2\/media?parent=8"}],"curies":[{"name":"wp","href":"https:\/\/api.w.org\/{rel}","templated":true}]}}