{"id":12,"date":"2018-03-16T09:50:16","date_gmt":"2018-03-16T09:50:16","guid":{"rendered":"https:\/\/www.rimac2012.com\/?page_id=12"},"modified":"2018-03-16T10:18:23","modified_gmt":"2018-03-16T10:18:23","slug":"una-seccion-de-la-pagina-de-inicio","status":"publish","type":"page","link":"https:\/\/www.rimac2012.com\/index.php\/una-seccion-de-la-pagina-de-inicio\/","title":{"rendered":"Servicios"},"content":{"rendered":"<ul>\n<li>Tuber\u00edas pl\u00e1sticas de saneamiento, canalizaci\u00f3n el\u00e9ctrica, tuber\u00edas de drenaje, pozos de inspecci\u00f3n y de salto, accesorios para saneamiento y productos derivados.<\/li>\n<li>Prefabricados de hormig\u00f3n (arquetas, pozos, alcantarillas, \u2026) con tapas y rejas de fundici\u00f3n.<\/li>\n<li>Dep\u00f3sitos y cisternas, separadores de grasas, hidrocarburos o aguas grises, equipos de depuraci\u00f3n, decantadores digestores, etc., con productos fabricados en PRFV (Poli\u00e9ster con fibra de vidrio).<\/li>\n<li>Canales interceptoras de polipropileno, con rejillas de polipropileno, acero galvanizado, inoxidable, fosa nodular.<\/li>\n<li><span style=\"font-size: 1rem;\">Encofrados ventilados, l\u00e1minas nodulares, placas para debajo teja, asfalto en fr\u00edo, membranas bajo tejado, etc. <\/span><\/li>\n<li><span style=\"font-size: 1rem;\">Conductos de chapa para ventilaci\u00f3n, chapa galvanizada o inoxidable para evacuaci\u00f3n de humos de estufas \/ chimeneas \/ calderas, conductos cuadrados u ovales, rejas para ventilaci\u00f3n hechas a medida, etc. <\/span><\/li>\n<li><span style=\"font-size: 1rem;\">Tuber\u00edas de evacuaci\u00f3n en polipropileno, polipropileno insonorizado, tuber\u00edas de PPR (con Aenor de sistema), PPR Faser (con Aenor de sistema), tuber\u00edas de polietileno PE100, tuber\u00edas con gotero incorporado, etc. <\/span><\/li>\n<li><span style=\"font-size: 1rem;\">Tuber\u00edas de evacuaci\u00f3n en PVC y accesorios. <\/span><\/li>\n<li><span style=\"font-size: 1rem;\">Tuber\u00edas de PVC de presi\u00f3n y accesorios. <\/span><\/li>\n<li><span style=\"font-size: 1rem;\">V\u00e1lvulas, collarines y accesorios de fundici\u00f3n.<\/span><\/li>\n<li><span style=\"font-size: 1rem;\">L\u00e1minas de PE, PVC, PP, etc., para impermeabilizaci\u00f3n de balsas y dep\u00f3sitos con suministro y colocaci\u00f3n.<\/span><\/li>\n<\/ul>\n","protected":false},"excerpt":{"rendered":"<p>Tuber\u00edas pl\u00e1sticas de saneamiento, canalizaci\u00f3n el\u00e9ctrica, tuber\u00edas de drenaje, pozos de inspecci\u00f3n y de salto, accesorios para saneamiento y productos derivados. Prefabricados de hormig\u00f3n (arquetas, pozos, alcantarillas, \u2026) con tapas y rejas de fundici\u00f3n. Dep\u00f3sitos y cisternas, separadores de grasas, hidrocarburos o aguas grises, equipos de depuraci\u00f3n, decantadores digestores, etc., con productos fabricados en PRFV &hellip; <\/p>\n<p class=\"link-more\"><a href=\"https:\/\/www.rimac2012.com\/index.php\/una-seccion-de-la-pagina-de-inicio\/\" class=\"more-link\">Continuar leyendo<span class=\"screen-reader-text\"> \u00abServicios\u00bb<\/span><\/a><\/p>\n","protected":false},"author":1,"featured_media":38,"parent":0,"menu_order":0,"comment_status":"closed","ping_status":"closed","template":"","meta":{"footnotes":""},"class_list":["post-12","page","type-page","status-publish","has-post-thumbnail","hentry"],"_links":{"self":[{"href":"https:\/\/www.rimac2012.com\/index.php\/wp-json\/wp\/v2\/pages\/12","targetHints":{"allow":["GET"]}}],"collection":[{"href":"https:\/\/www.rimac2012.com\/index.php\/wp-json\/wp\/v2\/pages"}],"about":[{"href":"https:\/\/www.rimac2012.com\/index.php\/wp-json\/wp\/v2\/types\/page"}],"author":[{"embeddable":true,"href":"https:\/\/www.rimac2012.com\/index.php\/wp-json\/wp\/v2\/users\/1"}],"replies":[{"embeddable":true,"href":"https:\/\/www.rimac2012.com\/index.php\/wp-json\/wp\/v2\/comments?post=12"}],"version-history":[{"count":3,"href":"https:\/\/www.rimac2012.com\/index.php\/wp-json\/wp\/v2\/pages\/12\/revisions"}],"predecessor-version":[{"id":40,"href":"https:\/\/www.rimac2012.com\/index.php\/wp-json\/wp\/v2\/pages\/12\/revisions\/40"}],"wp:featuredmedia":[{"embeddable":true,"href":"https:\/\/www.rimac2012.com\/index.php\/wp-json\/wp\/v2\/media\/38"}],"wp:attachment":[{"href":"https:\/\/www.rimac2012.com\/index.php\/wp-json\/wp\/v2\/media?parent=12"}],"curies":[{"name":"wp","href":"https:\/\/api.w.org\/{rel}","templated":true}]}}